{"id":802,"date":"2015-10-20T07:59:14","date_gmt":"2015-10-20T07:59:14","guid":{"rendered":"http:\/\/demo.vegatheme.com\/archilight\/?page_id=802"},"modified":"2024-07-26T01:49:48","modified_gmt":"2024-07-26T01:49:48","slug":"landing-parallax","status":"publish","type":"page","link":"https:\/\/tribehs.com\/","title":{"rendered":"Landing Parallax"},"content":{"rendered":"<section class=\"wpb-content-wrapper\"><p>[vc_row fullwidth=&#8221;yes&#8221; archi_fullheight=&#8221;yes&#8221; archi_parallax=&#8221;yes&#8221; css=&#8221;.vc_custom_1716673310486{margin-right: 0px !important;padding-top: 90px !important;padding-bottom: 90px !important;background-image: url(https:\/\/tribehs.com\/wp-content\/uploads\/2024\/05\/tribehs-consultoria-ambiental-ehs-gestion.png?id=1795) !important;}&#8221; el_id=&#8221;inicio&#8221;][vc_column width=&#8221;1\/2&#8243; animate=&#8221;fadeindown&#8221; delay=&#8221;1&#8243; duration=&#8221;1&#8243; css=&#8221;.vc_custom_1716673357636{margin-right: 30px !important;margin-left: 60px !important;border-right-width: 5px !important;padding-right: 5px !important;}&#8221;][vc_empty_space height=&#8221;150px&#8221;]\n\t<!-- Element: OT Heading --> \t \n\t<h2 class=\"ot_custom_heading  \" style=\"font-size: 40px;line-height: 44px;color: #002d3e;\" ><b>Somos una consultor\u00eda de EHS y sistemas de gesti\u00f3n<\/b><\/h2>\t\n\n\t<!-- Element: OT Heading --> \t \n\t<h2 class=\"ot_custom_heading  \" style=\"font-size: 24px;line-height: 27px;color: #5f6c85;\" >Acompa\u00f1\u00e1ndote en el camino para desempe\u00f1ar de mejor manera tus procesos y guiarte en la optimizaci\u00f3n de requerimientos de EHS y sistemas de gesti\u00f3n.<\/h2>\t\n[vc_btn title=&#8221;Conoce los servicios&#8221; style=&#8221;outline-custom&#8221; outline_custom_color=&#8221;#0c8fbf&#8221; outline_custom_hover_background=&#8221;#1090cb&#8221; outline_custom_hover_text=&#8221;#ffffff&#8221; size=&#8221;lg&#8221; align=&#8221;left&#8221; i_align=&#8221;right&#8221; i_icon_fontawesome=&#8221;fas fa-angle-right&#8221; css_animation=&#8221;fadeInDown&#8221; add_icon=&#8221;true&#8221; link=&#8221;url:%23soluciones|title:CONOCE%20M%C3%81S&#8221; css=&#8221;.vc_custom_1716676984042{border-radius: 35px !important;}&#8221;][\/vc_column][vc_column width=&#8221;1\/2&#8243; css=&#8221;.vc_custom_1716672487660{margin-left: 30px !important;}&#8221; offset=&#8221;vc_hidden-md vc_hidden-sm vc_hidden-xs&#8221;][vc_empty_space height=&#8221;100px&#8221;][vc_single_image image=&#8221;1793&#8243; img_size=&#8221;full&#8221; alignment=&#8221;center&#8221; css_animation=&#8221;fadeInDown&#8221;][\/vc_column][\/vc_row][vc_row css=&#8221;.vc_custom_1716588974664{padding-top: 90px !important;padding-bottom: 90px !important;background-color: #ffffff !important;background-position: center !important;background-repeat: no-repeat !important;background-size: cover !important;}&#8221; el_id=&#8221;soluciones&#8221; el_class=&#8221;bg-fixed&#8221;][vc_column animate=&#8221;fadeinup&#8221; el_class=&#8221;text-light&#8221;]\n\t<!-- Element: OT Heading --> \t \n\t<h1 class=\"ot_custom_heading  \" style=\"text-align: center;color: #1090cb;\" >SOLUCIONES<\/h1>\t\n\t<!-- Element: OT Line solid --> \t \n\t<div class=\" separator \"><span><i class=\"fa fa-circle\"><\/i><\/span><\/div>\n\t<div class=\"spacer-single\"><\/div>\t      \n[vc_row_inner][vc_column_inner width=&#8221;1\/4&#8243; animate=&#8221;fadein&#8221; delay=&#8221;.2&#8243;][vc_column_text]<\/p>\n<p style=\"text-align: center;\"><a href=\"https:\/\/tribehs.com\/index.php\/about\/\"><img decoding=\"async\" class=\"wp-image-1784 size-full aligncenter\" src=\"https:\/\/tribehs.com\/wp-content\/uploads\/2024\/05\/Asesoria-tecnica-en-sitio-y-via-web-1-2.svg\" alt=\"\" \/><\/a><\/p>\n<p style=\"text-align: center;\"><a href=\"https:\/\/tribehs.com\/index.php\/about\/\"><span class=\"id-color\" style=\"font-size: 18pt; color: #003366;\"><span style=\"font-family: Montserrat, Arial, Helvetica, sans-serif;\">Asesor\u00eda t\u00e9cnica en sitio y v\u00eda web<\/span><\/span><\/a><\/p>\n<p>[\/vc_column_text][\/vc_column_inner][vc_column_inner width=&#8221;1\/4&#8243; animate=&#8221;fadein&#8221; delay=&#8221;.3&#8243;][vc_column_text]<\/p>\n<p style=\"text-align: center;\"><a href=\"https:\/\/tribehs.com\/index.php\/about\/\"><img decoding=\"async\" class=\"aligncenter wp-image-1785 size-full\" src=\"https:\/\/tribehs.com\/wp-content\/uploads\/2024\/05\/Gestion-de-tramites-y-estudios-de-riesgo-de-cumplimiento-legal-1-2.svg\" alt=\"Gestion de tramites y estudios de riesgo de cumplimiento legal - tribehs \" \/><\/a><\/p>\n<p style=\"text-align: center;\"><a href=\"https:\/\/tribehs.com\/index.php\/about\/\"><span class=\"id-color\" style=\"font-size: 18pt; color: #003366;\"><span style=\"font-family: Montserrat, Arial, Helvetica, sans-serif;\">Gesti\u00f3n de tr\u00e1mites y estudios de riesgo de cumplimiento legal<\/span><\/span><\/a><\/p>\n<p>[\/vc_column_text][\/vc_column_inner][vc_column_inner width=&#8221;1\/4&#8243; animate=&#8221;fadein&#8221; delay=&#8221;.3&#8243;][vc_column_text]<\/p>\n<p style=\"text-align: center;\"><a href=\"https:\/\/tribehs.com\/index.php\/about\/\"><img decoding=\"async\" class=\"aligncenter wp-image-1786 size-full\" src=\"https:\/\/tribehs.com\/wp-content\/uploads\/2024\/05\/Capacitacion-y-adiestramiento-1-1.svg\" alt=\"Capacitaci\u00f3n y adiestramiento, seguridad y EHS monterrey - tribehs\" \/><\/a><\/p>\n<p style=\"text-align: center;\"><a href=\"https:\/\/tribehs.com\/index.php\/about\/\"><span class=\"id-color\" style=\"font-size: 18pt; color: #003366;\"><span style=\"font-family: Montserrat, Arial, Helvetica, sans-serif;\">Capacitaci\u00f3n y adiestramiento<\/span><\/span><\/a><\/p>\n<p>[\/vc_column_text][\/vc_column_inner][vc_column_inner width=&#8221;1\/4&#8243;][vc_column_text]<\/p>\n<p style=\"text-align: center;\"><a href=\"https:\/\/tribehs.com\/index.php\/about\/\"><img decoding=\"async\" class=\"aligncenter wp-image-1787 size-full\" src=\"https:\/\/tribehs.com\/wp-content\/uploads\/2024\/05\/Supervision-en-sitio-ehs-y-seguridad-ambiental-1-1.svg\" alt=\"Tribehs - supervisi\u00f3n de seguridad ehs y capacitaci\u00f3n empresarial\" \/><\/a><\/p>\n<p style=\"text-align: center;\"><a href=\"https:\/\/tribehs.com\/index.php\/about\/\"><span class=\"id-color\" style=\"font-size: 18pt; color: #003366;\"><span style=\"font-family: Montserrat, Arial, Helvetica, sans-serif;\">Supervisi\u00f3n en sitio<\/span><\/span><\/a><\/p>\n<p>[\/vc_column_text][\/vc_column_inner][\/vc_row_inner][vc_empty_space height=&#8221;30px&#8221;][vc_row_inner content_placement=&#8221;middle&#8221;][vc_column_inner width=&#8221;1\/3&#8243;][\/vc_column_inner][vc_column_inner width=&#8221;1\/3&#8243;][vc_btn title=&#8221;CONOCE M\u00c1S&#8221; style=&#8221;outline-custom&#8221; outline_custom_color=&#8221;#0c8fbf&#8221; outline_custom_hover_background=&#8221;#1090cb&#8221; outline_custom_hover_text=&#8221;#ffffff&#8221; size=&#8221;lg&#8221; align=&#8221;center&#8221; i_align=&#8221;right&#8221; i_icon_fontawesome=&#8221;fas fa-angle-right&#8221; css_animation=&#8221;fadeIn&#8221; add_icon=&#8221;true&#8221; link=&#8221;url:https%3A%2F%2Ftribehs.com%2Findex.php%2Fabout%2F|title:CONOCE%20M%C3%81S&#8221; css=&#8221;.vc_custom_1716590609069{border-radius: 35px !important;}&#8221;][\/vc_column_inner][vc_column_inner width=&#8221;1\/3&#8243;][\/vc_column_inner][\/vc_row_inner][vc_empty_space height=&#8221;50&#8243;][\/vc_column][vc_column][vc_empty_space height=&#8221;30px&#8221;][\/vc_column][\/vc_row][vc_row css=&#8221;.vc_custom_1716588913398{padding-top: 90px !important;padding-bottom: 90px !important;background-color: #e7f4f9 !important;}&#8221; el_id=&#8221;somos&#8221;][vc_column animate=&#8221;fadeinup&#8221;][vc_column_text]<\/p>\n<p style=\"text-align: center;\"><span style=\"font-size: 18pt;\"><img loading=\"lazy\" decoding=\"async\" class=\"aligncenter wp-image-1439\" src=\"https:\/\/tribehs.com\/wp-content\/uploads\/2023\/04\/Logo-oficial-300x295.png\" alt=\"\" width=\"186\" height=\"183\" srcset=\"https:\/\/tribehs.com\/wp-content\/uploads\/2023\/04\/Logo-oficial-300x295.png 300w, https:\/\/tribehs.com\/wp-content\/uploads\/2023\/04\/Logo-oficial.png 513w\" sizes=\"auto, (max-width: 186px) 100vw, 186px\" \/><\/span><\/p>\n<h3><\/h3>\n<h3 style=\"text-align: center;\"><\/h3>\n<p>[\/vc_column_text][vc_separator]\n\t<!-- Element: OT Heading --> \t \n\t<h1 class=\"ot_custom_heading  \" style=\"font-size: 33px;line-height: 36px;text-align: center;color: #002d3e;\" >Asesor\u00eda \u00c1gil: Tu soluci\u00f3n en tiempo real con Tribehs<\/h1>\t\n[vc_empty_space height=&#8221;30px&#8221;]\n\t<!-- Element: OT Heading --> \t \n\t<h1 class=\"ot_custom_heading  \" style=\"font-size: 21px;line-height: 36px;text-align: center;color: #5f6c85;\" >En TRIBEHS entendemos la importancia de requerir una respuesta inmediata cuando se presenta alguna problem\u00e1tica, por lo cual ofrecemos asesor\u00eda t\u00e9cnica en sitio \u00f3 v\u00eda web, agendando citas para poder dialogar y llegar a una soluci\u00f3n en el menor tiempo posible.<\/h1>\t\n[\/vc_column][\/vc_row][vc_row fullwidth=&#8221;yes&#8221; css=&#8221;.vc_custom_1716655572765{padding-top: 0px !important;padding-bottom: 0px !important;background: #03739d url(https:\/\/tribehs.com\/wp-content\/uploads\/2024\/05\/EHS-seguridad-ambiental-monterrey.png?id=1789) !important;}&#8221; el_class=&#8221;text-light&#8221; el_id=&#8221;politica-integral&#8221;][vc_column el_id=&#8221;proyecto-integral&#8221;]\t<!-- Element: OT Quick Office 2 -->\n\t<div class=\"side-bg\">\n\t\t<div class=\"image-container pull-right right0 col-md-4 col-md-offset-8\" data-delay=\"0\">\n\t        <img decoding=\"async\" src=\"https:\/\/tribehs.com\/wp-content\/uploads\/2023\/05\/logo-tribehs-vector-01-3.png\" class=\"img-responsive wow slideInRight\" data-wow-duration=\"1.5s\">\n\t    <\/div>\n\n\t    <div class=\"container\">\n\t        <div class=\"row\">\n\t            <div class=\"inner-padding\">\n\t                <div class=\"col-md-8 wow fadeInLeft\" data-wow-delay=\".25s\">\n\t                    <h2>POL\u00cdTICA INTEGRAL<\/h2>\n\t                    <\/p>\n<p class=\"intro\" style=\"text-align: left;\">En <strong><em>TRIBEHS<\/em><\/strong> estamos comprometidos a proporcionar satisfacci\u00f3n a nuestros clientes; conceder condiciones de trabajo seguras y saludables para la prevenci\u00f3n de lesiones y deterioro de la salud relacionados con las actividades de trabajo, eliminar los peligros y reducir los Riesgos; y la preservaci\u00f3n del medio ambiente.<\/p>\n<p class=\"intro\" style=\"text-align: left;\">Lo logramos mediante el establecimiento y medici\u00f3n de Objetivos, cumplimiento de los requisitos legales y la participaci\u00f3n de los colaboradores de la Organizaci\u00f3n dedic\u00e1ndose a Mejorar Continuamente el sistema.<\/p>\n<p>\t                <\/div>\n\t                <div class=\"clearfix\"><\/div>\n\t            <\/div>\n\t        <\/div>\n\t    <\/div>\t\n\t<\/div>\n\t\n[\/vc_column][\/vc_row][vc_row el_id=&#8221;calidad-del-aire&#8221; css=&#8221;.vc_custom_1682488612328{padding-top: 90px !important;padding-bottom: 90px !important;}&#8221;][vc_column animate=&#8221;fadeinup&#8221; el_class=&#8221;text-center&#8221;]\n\t<!-- Element: OT Heading --> \t \n\t<h1 class=\"ot_custom_heading  \" style=\"text-align: center;color: #0c8fbf;\" >CALIDAD DEL AIRE EN NUEVO LE\u00d3N<\/h1>\t\n\t<!-- Element: OT Line solid --> \t \n\t<div class=\" separator \"><span><i class=\"fa fa-circle\"><\/i><\/span><\/div>\n\t<div class=\"spacer-single\"><\/div>\t      \n[vc_column_text]<\/p>\n<p style=\"text-align: center;\"><span style=\"font-size: 14pt; font-family: verdana, geneva, sans-serif; color: #5f6c85;\">Ante la contingencia atmosf\u00e9rica actual, se recomienda estar informado peri\u00f3dicamente sobre la calidad del aire.<\/span><\/p>\n<p><img loading=\"lazy\" decoding=\"async\" class=\"aligncenter wp-image-1687 size-large\" src=\"https:\/\/tribehs.com\/wp-content\/uploads\/2023\/05\/grafica_aire_blanca-01-1024x185.png\" alt=\"\" width=\"1024\" height=\"185\" srcset=\"https:\/\/tribehs.com\/wp-content\/uploads\/2023\/05\/grafica_aire_blanca-01-1024x185.png 1024w, https:\/\/tribehs.com\/wp-content\/uploads\/2023\/05\/grafica_aire_blanca-01-300x54.png 300w, https:\/\/tribehs.com\/wp-content\/uploads\/2023\/05\/grafica_aire_blanca-01-768x139.png 768w, https:\/\/tribehs.com\/wp-content\/uploads\/2023\/05\/grafica_aire_blanca-01-1536x278.png 1536w, https:\/\/tribehs.com\/wp-content\/uploads\/2023\/05\/grafica_aire_blanca-01-2048x370.png 2048w\" sizes=\"auto, (max-width: 1024px) 100vw, 1024px\" \/><\/p>\n<p style=\"text-align: center;\"><span style=\"font-family: verdana, geneva, sans-serif; font-size: 14pt; color: #5f6c85;\">En la p\u00e1gina de <a style=\"color: #5f6c85;\" href=\"http:\/\/aire.nl.gob.mx\/\"><em><strong>aire.nl.gob.mx <\/strong><\/em><\/a>podr\u00e1s revisar diariamente el sem\u00e1foro y seguir las medidas necesarias.<\/span><\/p>\n<p style=\"text-align: center;\"><a href=\"http:\/\/aire.nl.gob.mx\/\"><img loading=\"lazy\" decoding=\"async\" class=\"aligncenter wp-image-1688 size-full\" src=\"https:\/\/tribehs.com\/wp-content\/uploads\/2023\/05\/mapa_imagen_static-copia.jpg\" alt=\"\" width=\"853\" height=\"554\" srcset=\"https:\/\/tribehs.com\/wp-content\/uploads\/2023\/05\/mapa_imagen_static-copia.jpg 853w, https:\/\/tribehs.com\/wp-content\/uploads\/2023\/05\/mapa_imagen_static-copia-300x195.jpg 300w, https:\/\/tribehs.com\/wp-content\/uploads\/2023\/05\/mapa_imagen_static-copia-768x499.jpg 768w\" sizes=\"auto, (max-width: 853px) 100vw, 853px\" \/><span style=\"font-size: 10pt;\">Fuente: Secretar\u00eda de Medio Ambiente<\/span><\/a><\/p>\n<p>[\/vc_column_text][\/vc_column][\/vc_row][vc_row css=&#8221;.vc_custom_1716656234348{padding-top: 90px !important;padding-bottom: 90px !important;background-image: url(https:\/\/tribehs.com\/wp-content\/uploads\/2024\/05\/EHS-seguridad-ambiental-monterrey.png?id=1789) !important;background-position: center !important;background-repeat: no-repeat !important;background-size: cover !important;}&#8221; el_id=&#8221;catalogo&#8221; el_class=&#8221;bg-fixed&#8221;][vc_column animate=&#8221;fadeinup&#8221; el_class=&#8221;text-light&#8221;]\n\t<!-- Element: OT Heading --> \t \n\t<h1 class=\"ot_custom_heading  \" style=\"text-align: center;color: #ffffff;\" >Nuestro Cat\u00e1logo de Servicios<\/h1>\t\n\t<!-- Element: OT Line solid --> \t \n\t<div class=\" separator \"><span><i class=\"fa fa-circle\"><\/i><\/span><\/div>\n\t<div class=\"spacer-single\"><\/div>\t      \n[vc_btn title=&#8221;DESCARGAR EL CAT\u00c1LOGO&#8221; style=&#8221;outline-custom&#8221; outline_custom_color=&#8221;#ffffff&#8221; outline_custom_hover_background=&#8221;&#8221; outline_custom_hover_text=&#8221;#efc621&#8243; shape=&#8221;square&#8221; size=&#8221;lg&#8221; align=&#8221;center&#8221; i_icon_fontawesome=&#8221;fas fa-download&#8221; css_animation=&#8221;fadeInDown&#8221; add_icon=&#8221;true&#8221; link=&#8221;url:https%3A%2F%2Fdrive.google.com%2Ffile%2Fd%2F1SrsicJOLMhfmUA9WvIiHI0DlxdPVaa_Y%2Fview%3Fusp%3Dshare_link|title:CAT%C3%81LOGO&#8221;][\/vc_column][\/vc_row][vc_row css=&#8221;.vc_custom_1682490099457{padding-top: 90px !important;padding-bottom: 90px !important;}&#8221; el_id=&#8221;contacto&#8221;][vc_column animate=&#8221;fadeinup&#8221;]\n\t<!-- Element: OT Heading --> \t \n\t<h1 class=\"ot_custom_heading  \" style=\"text-align: center;color: #002d3e;\" >Solicitar m\u00e1s informaci\u00f3n<\/h1>\t\n\t<!-- Element: OT Line solid --> \t \n\t<div class=\" separator \"><span><i class=\"fa fa-circle\"><\/i><\/span><\/div>\n\t<div class=\"spacer-single\"><\/div>\t      \n[\/vc_column][vc_column width=&#8221;2\/3&#8243; animate=&#8221;fadeinleft&#8221; offset=&#8221;vc_col-lg-offset-2&#8243;][vc_empty_space height=&#8221;30px&#8221;]\n<div class=\"wpcf7 no-js\" id=\"wpcf7-f283-o1\" lang=\"en-US\" dir=\"ltr\">\n<div class=\"screen-reader-response\"><p role=\"status\" aria-live=\"polite\" aria-atomic=\"true\"><\/p> <ul><\/ul><\/div>\n<form action=\"\/index.php\/wp-json\/wp\/v2\/pages\/802#wpcf7-f283-o1\" method=\"post\" class=\"wpcf7-form init\" aria-label=\"Contact form\" novalidate=\"novalidate\" data-status=\"init\">\n<div style=\"display: none;\">\n<input type=\"hidden\" name=\"_wpcf7\" value=\"283\" \/>\n<input type=\"hidden\" name=\"_wpcf7_version\" value=\"5.9.8\" \/>\n<input type=\"hidden\" name=\"_wpcf7_locale\" value=\"en_US\" \/>\n<input type=\"hidden\" name=\"_wpcf7_unit_tag\" value=\"wpcf7-f283-o1\" \/>\n<input type=\"hidden\" name=\"_wpcf7_container_post\" value=\"0\" \/>\n<input type=\"hidden\" name=\"_wpcf7_posted_data_hash\" value=\"\" \/>\n<\/div>\n<div class=\"row\">\n\t<div class=\"col-md-4\">\n\t\t<div>\n\t\t\t<p><span class=\"wpcf7-form-control-wrap\" data-name=\"your-name\"><input size=\"40\" maxlength=\"400\" class=\"wpcf7-form-control wpcf7-text wpcf7-validates-as-required\" aria-required=\"true\" aria-invalid=\"false\" placeholder=\"NOMBRE\" value=\"\" type=\"text\" name=\"your-name\" \/><\/span>\n\t\t\t<\/p>\n\t\t<\/div>\n\t\t<div>\n\t\t\t<p><span class=\"wpcf7-form-control-wrap\" data-name=\"email-453\"><input size=\"40\" maxlength=\"400\" class=\"wpcf7-form-control wpcf7-email wpcf7-validates-as-required wpcf7-text wpcf7-validates-as-email\" aria-required=\"true\" aria-invalid=\"false\" placeholder=\"CORREO\" value=\"\" type=\"email\" name=\"email-453\" \/><\/span>\n\t\t\t<\/p>\n\t\t<\/div>\n\t\t<div>\n\t\t\t<p><span class=\"wpcf7-form-control-wrap\" data-name=\"tel-565\"><input size=\"40\" maxlength=\"400\" class=\"wpcf7-form-control wpcf7-tel wpcf7-validates-as-required wpcf7-text wpcf7-validates-as-tel\" aria-required=\"true\" aria-invalid=\"false\" placeholder=\"TELEFONO\" value=\"\" type=\"tel\" name=\"tel-565\" \/><\/span>\n\t\t\t<\/p>\n\t\t<\/div>\n\t<\/div>\n\t<div class=\"col-md-8\">\n\t\t<div>\n\t\t\t<p><span class=\"wpcf7-form-control-wrap\" data-name=\"message\"><textarea cols=\"40\" rows=\"10\" maxlength=\"2000\" class=\"wpcf7-form-control wpcf7-textarea wpcf7-validates-as-required\" aria-required=\"true\" aria-invalid=\"false\" placeholder=\"COMENTARIOS\" name=\"message\"><\/textarea><\/span>\n\t\t\t<\/p>\n\t\t<\/div>\n\t<\/div>\n\t<div class=\"col-md-12\">\n\t\t<p id=\"submit\"><input class=\"wpcf7-form-control wpcf7-submit has-spinner btn btn-line\" type=\"submit\" value=\"ENVIAR\" \/>\n\t\t<\/p>\n\t<\/div>\n<\/div><div class=\"wpcf7-response-output\" aria-hidden=\"true\"><\/div>\n<\/form>\n<\/div>\n[\/vc_column][\/vc_row][vc_row content_placement=&#8221;middle&#8221; css_animation=&#8221;fadeIn&#8221; fullwidth=&#8221;yes&#8221; archi_parallax=&#8221;yes&#8221; css=&#8221;.vc_custom_1716656335031{background-image: url(https:\/\/tribehs.com\/wp-content\/uploads\/2024\/05\/TRIBEHS-EHS-CONSULTORIA-SOLUCIONES-AMBIENTALES.png?id=1790) !important;}&#8221;][vc_column][vc_empty_space height=&#8221;50px&#8221;]\n\t<!-- Element: OT Heading --> \t \n\t<h1 class=\"ot_custom_heading  \" style=\"text-align: center;color: #ffffff;\" >Cont\u00e1ctanos<\/h1>\t\n\t<!-- Element: OT Line solid --> \t \n\t<div class=\"line-light separator \"><span><i class=\"fa fa-circle\"><\/i><\/span><\/div>\n\t<div class=\"spacer-single\"><\/div>\t      \n[vc_column_text]<\/p>\n<p style=\"text-align: center;\"><a href=\"https:\/\/goo.gl\/maps\/tbWKSjLriiTTCRmF6\"><span style=\"font-family: verdana, geneva, sans-serif; color: #ffffff; font-size: 14pt;\"><img loading=\"lazy\" decoding=\"async\" class=\"alignnone wp-image-1678\" src=\"https:\/\/tribehs.com\/wp-content\/uploads\/2023\/05\/img_568635.png\" alt=\"\" width=\"36\" height=\"50\" \/><\/span><\/a><\/p>\n<p style=\"text-align: center;\"><a href=\"https:\/\/goo.gl\/maps\/tbWKSjLriiTTCRmF6\"><span style=\"font-family: verdana, geneva, sans-serif; color: #ffffff; font-size: 14pt;\">Francia 86, 713, Col Portales de la silla , Guadalupe NL<\/span><\/a><\/p>\n<p><a href=\"https:\/\/wa.me\/+528135970330\"><span style=\"font-family: verdana, geneva, sans-serif; font-size: 14pt;\"><span style=\"color: #fabb00;\"><img loading=\"lazy\" decoding=\"async\" class=\"aligncenter wp-image-1679\" src=\"https:\/\/tribehs.com\/wp-content\/uploads\/2023\/05\/whatsapp-icon-509x512-c9csi2fs.png\" alt=\"\" width=\"50\" height=\"50\" \/><\/span><\/span><\/a><\/p>\n<p style=\"text-align: center;\"><a href=\"https:\/\/wa.me\/+528135970330\"><span style=\"font-family: verdana, geneva, sans-serif; font-size: 14pt;\"><span style=\"color: #fabb00;\">Whatsapp:<\/span> <span style=\"color: #ffffff;\">8135970330<\/span><\/span><\/a><\/p>\n<p style=\"text-align: center;\"><a href=\"hola@tribehs.com\"><img loading=\"lazy\" decoding=\"async\" class=\"aligncenter wp-image-1691\" src=\"https:\/\/tribehs.com\/wp-content\/uploads\/2023\/05\/img_184197.png\" alt=\"\" width=\"59\" height=\"40\" \/><\/a><\/p>\n<p style=\"text-align: center;\"><a href=\"mailto:hola@tribehs.com\"><span style=\"color: #ffffff; font-family: verdana, geneva, sans-serif;\"><span style=\"font-size: 18.6667px;\">hola@tribehs.com<\/span><\/span><\/a><\/p>\n<p>[\/vc_column_text][vc_empty_space height=&#8221;50px&#8221;][\/vc_column][\/vc_row]<\/p>\n<\/section>","protected":false},"excerpt":{"rendered":"<p>[vc_row fullwidth=&#8221;yes&#8221; archi_fullheight=&#8221;yes&#8221; archi_parallax=&#8221;yes&#8221; css=&#8221;.vc_custom_1716673310486{margin-right: 0px !important;padding-top: 90px !important;padding-bottom: 90px !important;background-image: url(https:\/\/tribehs.com\/wp-content\/uploads\/2024\/05\/tribehs-consultoria-ambiental-ehs-gestion.png?id=1795) !important;}&#8221; el_id=&#8221;inicio&#8221;][vc_column width=&#8221;1\/2&#8243; animate=&#8221;fadeindown&#8221; delay=&#8221;1&#8243; duration=&#8221;1&#8243; css=&#8221;.vc_custom_1716673357636{margin-right: 30px !important;margin-left: 60px !important;border-right-width: 5px !important;padding-right: 5px !important;}&#8221;][vc_empty_space height=&#8221;150px&#8221;][vc_btn title=&#8221;Conoce los servicios&#8221; style=&#8221;outline-custom&#8221; outline_custom_color=&#8221;#0c8fbf&#8221; outline_custom_hover_background=&#8221;#1090cb&#8221; outline_custom_hover_text=&#8221;#ffffff&#8221; size=&#8221;lg&#8221; align=&#8221;left&#8221; i_align=&#8221;right&#8221; i_icon_fontawesome=&#8221;fas fa-angle-right&#8221; css_animation=&#8221;fadeInDown&#8221; add_icon=&#8221;true&#8221; link=&#8221;url:%23soluciones|title:CONOCE%20M%C3%81S&#8221; css=&#8221;.vc_custom_1716676984042{border-radius: 35px !important;}&#8221;][\/vc_column][vc_column width=&#8221;1\/2&#8243; css=&#8221;.vc_custom_1716672487660{margin-left: 30px !important;}&#8221; offset=&#8221;vc_hidden-md vc_hidden-sm vc_hidden-xs&#8221;][vc_empty_space height=&#8221;100px&#8221;][vc_single_image image=&#8221;1793&#8243; [&hellip;]<\/p>\n","protected":false},"author":1,"featured_media":0,"parent":0,"menu_order":0,"comment_status":"open","ping_status":"closed","template":"page-templates\/template-landing.php","meta":{"footnotes":""},"class_list":["post-802","page","type-page","status-publish","hentry"],"_links":{"self":[{"href":"https:\/\/tribehs.com\/index.php\/wp-json\/wp\/v2\/pages\/802","targetHints":{"allow":["GET"]}}],"collection":[{"href":"https:\/\/tribehs.com\/index.php\/wp-json\/wp\/v2\/pages"}],"about":[{"href":"https:\/\/tribehs.com\/index.php\/wp-json\/wp\/v2\/types\/page"}],"author":[{"embeddable":true,"href":"https:\/\/tribehs.com\/index.php\/wp-json\/wp\/v2\/users\/1"}],"replies":[{"embeddable":true,"href":"https:\/\/tribehs.com\/index.php\/wp-json\/wp\/v2\/comments?post=802"}],"version-history":[{"count":141,"href":"https:\/\/tribehs.com\/index.php\/wp-json\/wp\/v2\/pages\/802\/revisions"}],"predecessor-version":[{"id":1812,"href":"https:\/\/tribehs.com\/index.php\/wp-json\/wp\/v2\/pages\/802\/revisions\/1812"}],"wp:attachment":[{"href":"https:\/\/tribehs.com\/index.php\/wp-json\/wp\/v2\/media?parent=802"}],"curies":[{"name":"wp","href":"https:\/\/api.w.org\/{rel}","templated":true}]}}